{"id":136,"date":"2018-03-15T08:29:50","date_gmt":"2018-03-15T08:29:50","guid":{"rendered":"http:\/\/themes.radiantthemes.com\/constructionpress\/?page_id=136"},"modified":"2021-12-16T21:01:17","modified_gmt":"2021-12-16T21:01:17","slug":"contact-us-version-1","status":"publish","type":"page","link":"https:\/\/mertdemirplastik.com.tr\/?page_id=136","title":{"rendered":"\u0130leti\u015fim"},"content":{"rendered":"<p>[vc_row full_width=&#8221;stretch_row&#8221; equal_height=&#8221;yes&#8221; css_animation=&#8221;none&#8221; css=&#8221;.vc_custom_1521607948595{margin-top: 0px !important;margin-bottom: 0px !important;padding-top: 100px !important;padding-bottom: 100px !important;background-color: #ffffff !important;}&#8221;][vc_column width=&#8221;2\/3&#8243; css=&#8221;.vc_custom_1521610575199{margin-top: 0px !important;margin-bottom: 0px !important;padding-top: 70px !important;padding-right: 46px !important;padding-bottom: 70px !important;padding-left: 46px !important;background-color: #ffffff !important;}&#8221; el_class=&#8221;contact-one-box&#8221;][vc_custom_heading text=&#8221;Size Nas\u0131l Yard\u0131mc\u0131 Olabiliriz?&#8221; font_container=&#8221;tag:h1|font_size:35px|text_align:center|line_height:45px&#8221; use_theme_fonts=&#8221;yes&#8221; css_animation=&#8221;none&#8221; css=&#8221;.vc_custom_1639687288273{margin-top: 0px !important;margin-bottom: 15px !important;}&#8221; el_class=&#8221;font-weight-bold&#8221;][vc_column_text css_animation=&#8221;none&#8221; css=&#8221;.vc_custom_1639687681558{margin-top: 0px !important;margin-bottom: 30px !important;}&#8221;]<\/p>\n<p id=\"tw-target-text\" class=\"tw-data-text tw-text-large tw-ta\" dir=\"ltr\" style=\"text-align: center;\" data-placeholder=\"\u00c7eviri\"><span class=\"Y2IQFc\" lang=\"tr\">L\u00fctfen aray\u0131n veya ileti\u015fim formunu e-posta ile g\u00f6nderin, size yard\u0131mc\u0131 olmaktan memnuniyet duyar\u0131z.<\/span><\/p>\n<p>[\/vc_column_text][rt_cf7_style submit_background_color=&#8221;#f5b315&#8243; submit_hover_color=&#8221;#010101&#8243; submit_text_color=&#8221;#010101&#8243; submit_text_hover_color=&#8221;#ffffff&#8221; radiant_font_color=&#8221;#989898&#8243; padding_top=&#8221;6px&#8221; padding_right=&#8221;10px&#8221; padding_bottom=&#8221;6px&#8221; padding_left=&#8221;10px&#8221; radiant_border_style=&#8221;solid&#8221; radiant_border_color=&#8221;#d8d8d8&#8243; radiant_border_top=&#8221;1px&#8221; radiant_border_right=&#8221;1px&#8221; radiant_border_bottom=&#8221;1px&#8221; radiant_border_left=&#8221;1px&#8221; radiant_font_focus_color=&#8221;#464646&#8243; radiant_background_focus_color=&#8221;#ffffff&#8221; radiant_focus_style=&#8221;solid&#8221; radiant_focus_color=&#8221;#f5b315&#8243; radiant_focus_top=&#8221;1px&#8221; radiant_focus_right=&#8221;1px&#8221; radiant_focus_bottom=&#8221;1px&#8221; radiant_focus_left=&#8221;1px&#8221; cf7_content_css=&#8221;.vc_custom_1522390559900{margin-top: 0px !important;margin-bottom: 0px !important;}&#8221;][contact-form-7 id=&#8221;5&#8243;][\/rt_cf7_style][\/vc_column][vc_column width=&#8221;1\/3&#8243; css=&#8221;.vc_custom_1519729616372{padding-top: 70px !important;padding-right: 30px !important;padding-bottom: 70px !important;padding-left: 30px !important;background-color: #f4f4f4 !important;}&#8221;][vc_custom_heading text=&#8221;\u0130leti\u015fim Bilgilerimiz&#8221; font_container=&#8221;tag:h3|font_size:20px|text_align:left|line_height:26px&#8221; use_theme_fonts=&#8221;yes&#8221;][vc_row_inner css=&#8221;.vc_custom_1519730303419{margin-top: 0px !important;margin-bottom: 0px !important;padding-top: 25px !important;padding-bottom: 25px !important;}&#8221; el_class=&#8221;under-line&#8221;][vc_column_inner][vc_custom_heading text=&#8221;Fabrika:&#8221; font_container=&#8221;tag:h2|font_size:15px|text_align:left|line_height:24px&#8221; use_theme_fonts=&#8221;yes&#8221;][vc_custom_heading text=&#8221;2. Organize Sanayi B\u00f6lgesi 7. Cadde Ye\u015filyurt\/MALATYA&#8221; font_container=&#8221;tag:p|font_size:15px|text_align:left|line_height:24px&#8221; use_theme_fonts=&#8221;yes&#8221; css=&#8221;.vc_custom_1639687410905{margin-top: 15px !important;margin-bottom: 0px !important;padding-top: 0px !important;padding-bottom: 0px !important;}&#8221;][\/vc_column_inner][\/vc_row_inner][vc_row_inner css=&#8221;.vc_custom_1519732835264{margin-top: 0px !important;margin-bottom: 0px !important;padding-top: 25px !important;padding-bottom: 0px !important;}&#8221;][vc_column_inner][vc_custom_heading text=&#8221;\u0130leti\u015fim:&#8221; font_container=&#8221;tag:h3|font_size:20px|text_align:left|line_height:24px&#8221; use_theme_fonts=&#8221;yes&#8221;][vc_custom_heading text=&#8221;Email: info@mertdemirplastik.com.tr<br \/>\nTelefon: (0422) 244 00 90&#8243; font_container=&#8221;tag:p|font_size:15px|text_align:left|line_height:24px&#8221; use_theme_fonts=&#8221;yes&#8221; css=&#8221;.vc_custom_1639687482430{margin-top: 15px !important;margin-bottom: 0px !important;padding-top: 0px !important;padding-bottom: 0px !important;}&#8221;][\/vc_column_inner][\/vc_row_inner][\/vc_column][\/vc_row][vc_row full_width=&#8221;stretch_row_content_no_spaces&#8221; equal_height=&#8221;yes&#8221; content_placement=&#8221;middle&#8221; css_animation=&#8221;none&#8221; css=&#8221;.vc_custom_1521608020979{margin-top: 0px !important;margin-bottom: 0px !important;padding-top: 0px !important;padding-bottom: 0px !important;background-color: #ffffff !important;}&#8221;][vc_column css=&#8221;.vc_custom_1521608013146{padding-top: 0px !important;padding-bottom: 0px !important;}&#8221;][vc_gmaps link=&#8221;#E-8_JTNDaWZyYW1lJTIwc3JjJTNEJTIyaHR0cHMlM0ElMkYlMkZ3d3cuZ29vZ2xlLmNvbSUyRm1hcHMlMkZlbWJlZCUzRnBiJTNEJTIxMW0xOCUyMTFtMTIlMjExbTMlMjExZDEwMDEyMi42OTMxNjM2MTc4NSUyMTJkMzguMTc0OTE3NTAwNjA3MjY1JTIxM2QzOC4zNTI4MjAyNjg4ODI2NCUyMTJtMyUyMTFmMCUyMTJmMCUyMTNmMCUyMTNtMiUyMTFpMTAyNCUyMTJpNzY4JTIxNGYxMy4xJTIxM20zJTIxMW0yJTIxMXMweDQwNzYzMzRmMjVmYjM3OTclMjUzQTB4OGFhMDVlNDBhOTY4MGExMiUyMTJ6VFVWU1ZDQkVSVTNFc0ZJZ1VFeEJVMVRFc0VzZ1FTN0ZuZyUyMTVlMCUyMTNtMiUyMTFzdHIlMjEyc3RyJTIxNHYxNjM5Njg3NTI1OTA0JTIxNW0yJTIxMXN0ciUyMTJzdHIlMjIlMjB3aWR0aCUzRCUyMjYwMCUyMiUyMGhlaWdodCUzRCUyMjQ1MCUyMiUyMHN0eWxlJTNEJTIyYm9yZGVyJTNBMCUzQiUyMiUyMGFsbG93ZnVsbHNjcmVlbiUzRCUyMiUyMiUyMGxvYWRpbmclM0QlMjJsYXp5JTIyJTNFJTNDJTJGaWZyYW1lJTNF&#8221; css=&#8221;.vc_custom_1639687533403{margin-top: 0px !important;margin-bottom: 0px !important;}&#8221;][\/vc_column][\/vc_row]<\/p>\n","protected":false},"excerpt":{"rendered":"<p>[vc_row full_width=&#8221;stretch_row&#8221; equal_height=&#8221;yes&#8221; css_animation=&#8221;none&#8221; css=&#8221;.vc_custom_1521607948595{margin-top: 0px !important;margin-bottom: 0px !important;padding-top: 100px !important;padding-bottom: 100px !important;background-color: #ffffff !important;}&#8221;][vc_column width=&#8221;2\/3&#8243; css=&#8221;.vc_custom_1521610575199{margin-top: 0px !important;margin-bottom: 0px !important;padding-top: 70px !important;padding-right: 46px !important;padding-bottom: 70px !important;padding-left: 46px !important;background-color: #ffffff !important;}&#8221; el_class=&#8221;contact-one-box&#8221;][vc_custom_heading text=&#8221;Size Nas\u0131l Yard\u0131mc\u0131 Olabiliriz?&#8221; font_container=&#8221;tag:h1|font_size:35px|text_align:center|line_height:45px&#8221; use_theme_fonts=&#8221;yes&#8221; css_animation=&#8221;none&#8221; css=&#8221;.vc_custom_1639687288273{margin-top: 0px !important;margin-bottom: 15px !important;}&#8221; el_class=&#8221;font-weight-bold&#8221;][vc_column_text css_animation=&#8221;none&#8221; css=&#8221;.vc_custom_1639687681558{margin-top: 0px !important;margin-bottom: 30px !important;}&#8221;] L\u00fctfen aray\u0131n veya ileti\u015fim [&hellip;]<\/p>\n","protected":false},"author":1,"featured_media":0,"parent":0,"menu_order":0,"comment_status":"closed","ping_status":"closed","template":"","meta":[],"_links":{"self":[{"href":"https:\/\/mertdemirplastik.com.tr\/index.php?rest_route=\/wp\/v2\/pages\/136"}],"collection":[{"href":"https:\/\/mertdemirplastik.com.tr\/index.php?rest_route=\/wp\/v2\/pages"}],"about":[{"href":"https:\/\/mertdemirplastik.com.tr\/index.php?rest_route=\/wp\/v2\/types\/page"}],"author":[{"embeddable":true,"href":"https:\/\/mertdemirplastik.com.tr\/index.php?rest_route=\/wp\/v2\/users\/1"}],"replies":[{"embeddable":true,"href":"https:\/\/mertdemirplastik.com.tr\/index.php?rest_route=%2Fwp%2Fv2%2Fcomments&post=136"}],"version-history":[{"count":5,"href":"https:\/\/mertdemirplastik.com.tr\/index.php?rest_route=\/wp\/v2\/pages\/136\/revisions"}],"predecessor-version":[{"id":3281,"href":"https:\/\/mertdemirplastik.com.tr\/index.php?rest_route=\/wp\/v2\/pages\/136\/revisions\/3281"}],"wp:attachment":[{"href":"https:\/\/mertdemirplastik.com.tr\/index.php?rest_route=%2Fwp%2Fv2%2Fmedia&parent=136"}],"curies":[{"name":"wp","href":"https:\/\/api.w.org\/{rel}","templated":true}]}}