{"id":2631,"date":"2018-04-06T11:02:27","date_gmt":"2018-04-06T11:02:27","guid":{"rendered":"https:\/\/brixel.radiantthemes.com\/?page_id=2631"},"modified":"2022-03-09T12:05:29","modified_gmt":"2022-03-09T12:05:29","slug":"hakkimizda","status":"publish","type":"page","link":"https:\/\/mertdemirplastik.com.tr\/?page_id=2631","title":{"rendered":"Hakk\u0131m\u0131zda"},"content":{"rendered":"<p>[vc_row gap=&#8221;10&#8243; css=&#8221;.vc_custom_1522818976704{margin-top: 0px !important;margin-bottom: 0px !important;padding-top: 80px !important;padding-bottom: 52px !important;}&#8221;][vc_column width=&#8221;1\/2&#8243; css=&#8221;.vc_custom_1522754688404{margin-top: 0px !important;margin-bottom: 0px !important;padding-top: 0px !important;padding-bottom: 0px !important;background-color: #ffffff !important;}&#8221;][vc_custom_heading text=&#8221;Hakk\u0131m\u0131zda&#8221; font_container=&#8221;tag:h1|font_size:36px|text_align:left|line_height:45px&#8221; use_theme_fonts=&#8221;yes&#8221; el_class=&#8221;heading-left-border&#8221;][vc_custom_heading text=&#8221;T\u00fcrk plastik sekt\u00f6r\u00fcn\u00fcn \u00f6nemli kurulu\u015flar\u0131ndan biri olan MERT DEM\u0130R PLAST\u0130K y\u00fcksek teknolojide zengin \u00e7e\u015fit ve yedek \u00fcr\u00fcn yelpazesiyle estetik kalitede \u00fcr\u00fcn imal etme, modern, sa\u011fl\u0131kl\u0131, vizyon ve misyonu kendisine ilke edinmi\u015f bir firma olarak konfor ve kalitesini d\u00fcnya \u00e7ap\u0131nda s\u00fcrd\u00fcrmeyi hedeflemi\u015f bulunmaktad\u0131r.<br \/>\nSekt\u00f6r\u00fcm\u00fcz i\u00e7erisinde teknolojik alanda \u00f6nc\u00fcl\u00fc\u011f\u00fc kendine bir g\u00f6rev olarak se\u00e7mi\u015f olan firmam\u0131z 38 y\u0131ll\u0131k tecr\u00fcbesiyle sekt\u00f6r\u00fcm\u00fcz\u00fcn \u00f6nde gelen isimlerine; kaliteli ve zaman\u0131nda i\u015f teslimi ilkesini kabul ederek profesyonel bir kadro ve anlay\u0131\u015f ile kendine ait 12.000m\u00b2 kapal\u0131 \u00e7al\u0131\u015fma alan\u0131 ve 30000 m\u00b2 a\u00e7\u0131k alan\u0131 ile hizmet vermektedir. Bu k\u00f6kl\u00fc inan\u0131\u015f ve siz de\u011ferli m\u00fc\u015fterilimizin bizlere sa\u011flad\u0131klar\u0131 destek ve tecr\u00fcbe ile en iyi hizmet ve \u00fcr\u00fcnleri sizlere sunmaya devam etmektedir.<br \/>\nMERT DEM\u0130R PLAST\u0130K olarak suyun d\u00fcn\u00fc bug\u00fcn\u00fc ve yar\u0131n\u0131 olarak y\u0131llara yayg\u0131n de\u011fer ve hizmetlerini s\u00fcrd\u00fcrecek olmak temel amac\u0131m\u0131z olacakt\u0131r.&#8221; font_container=&#8221;tag:p|text_align:left&#8221; use_theme_fonts=&#8221;yes&#8221; css=&#8221;.vc_custom_1646827499121{margin-top: 30px !important;margin-bottom: 0px !important;}&#8221;][\/vc_column][vc_column width=&#8221;1\/4&#8243; css=&#8221;.vc_custom_1522819129966{margin-top: 0px !important;margin-bottom: 0px !important;border-right-width: 1px !important;padding-top: 0px !important;padding-right: 35px !important;padding-bottom: 0px !important;padding-left: 35px !important;background-color: #ffffff !important;border-right-color: #eaeaea !important;border-right-style: solid !important;border-radius: 1px !important;}&#8221; el_class=&#8221;hover-box&#8221;][vc_single_image image=&#8221;2633&#8243; img_size=&#8221;full&#8221; css=&#8221;.vc_custom_1523013236395{margin-top: 0px !important;margin-bottom: 0px !important;}&#8221;][vc_custom_heading text=&#8221;Planl\u0131yoruz &amp; \u00dcretiyoruz&#8221; font_container=&#8221;tag:h3|font_size:18px|text_align:left|color:%23161616|line_height:30px&#8221; use_theme_fonts=&#8221;yes&#8221; css=&#8221;.vc_custom_1639688274088{margin-top: 20px !important;margin-bottom: 20px !important;}&#8221;][vc_custom_heading text=&#8221;Yaz\u0131s\u0131 yaz\u0131lacak&#8221; font_container=&#8221;tag:p|text_align:left&#8221; use_theme_fonts=&#8221;yes&#8221; css=&#8221;.vc_custom_1639688306309{margin-top: 0px !important;margin-bottom: 0px !important;}&#8221;][\/vc_column][vc_column width=&#8221;1\/4&#8243; css=&#8221;.vc_custom_1522819136887{margin-top: 0px !important;margin-bottom: 0px !important;padding-top: 0px !important;padding-right: 35px !important;padding-bottom: 0px !important;padding-left: 35px !important;background-color: #ffffff !important;}&#8221; el_class=&#8221;hover-box&#8221;][vc_single_image image=&#8221;2636&#8243; img_size=&#8221;full&#8221; css=&#8221;.vc_custom_1523013257512{margin-top: 0px !important;margin-bottom: 0px !important;}&#8221;][vc_custom_heading text=&#8221;Sat\u0131\u015f Ekibimiz Sizinle&#8221; font_container=&#8221;tag:h3|font_size:18px|text_align:left|color:%23161616|line_height:30px&#8221; use_theme_fonts=&#8221;yes&#8221; css=&#8221;.vc_custom_1639688318620{margin-top: 20px !important;margin-bottom: 20px !important;}&#8221;][vc_custom_heading text=&#8221;Yaz\u0131s\u0131 Yaz\u0131lacak&#8221; font_container=&#8221;tag:p|text_align:left&#8221; use_theme_fonts=&#8221;yes&#8221; css=&#8221;.vc_custom_1639688328103{margin-top: 0px !important;margin-bottom: 0px !important;}&#8221;][\/vc_column][\/vc_row]<\/p>\n","protected":false},"excerpt":{"rendered":"<p>[vc_row gap=&#8221;10&#8243; css=&#8221;.vc_custom_1522818976704{margin-top: 0px !important;margin-bottom: 0px !important;padding-top: 80px !important;padding-bottom: 52px !important;}&#8221;][vc_column width=&#8221;1\/2&#8243; css=&#8221;.vc_custom_1522754688404{margin-top: 0px !important;margin-bottom: 0px !important;padding-top: 0px !important;padding-bottom: 0px !important;background-color: #ffffff !important;}&#8221;][vc_custom_heading text=&#8221;Hakk\u0131m\u0131zda&#8221; font_container=&#8221;tag:h1|font_size:36px|text_align:left|line_height:45px&#8221; use_theme_fonts=&#8221;yes&#8221; el_class=&#8221;heading-left-border&#8221;][vc_custom_heading text=&#8221;T\u00fcrk plastik sekt\u00f6r\u00fcn\u00fcn \u00f6nemli kurulu\u015flar\u0131ndan biri olan MERT DEM\u0130R PLAST\u0130K y\u00fcksek teknolojide zengin \u00e7e\u015fit ve yedek \u00fcr\u00fcn yelpazesiyle estetik kalitede \u00fcr\u00fcn imal etme, modern, sa\u011fl\u0131kl\u0131, vizyon ve misyonu [&hellip;]<\/p>\n","protected":false},"author":1,"featured_media":0,"parent":0,"menu_order":0,"comment_status":"closed","ping_status":"closed","template":"","meta":[],"_links":{"self":[{"href":"https:\/\/mertdemirplastik.com.tr\/index.php?rest_route=\/wp\/v2\/pages\/2631"}],"collection":[{"href":"https:\/\/mertdemirplastik.com.tr\/index.php?rest_route=\/wp\/v2\/pages"}],"about":[{"href":"https:\/\/mertdemirplastik.com.tr\/index.php?rest_route=\/wp\/v2\/types\/page"}],"author":[{"embeddable":true,"href":"https:\/\/mertdemirplastik.com.tr\/index.php?rest_route=\/wp\/v2\/users\/1"}],"replies":[{"embeddable":true,"href":"https:\/\/mertdemirplastik.com.tr\/index.php?rest_route=%2Fwp%2Fv2%2Fcomments&post=2631"}],"version-history":[{"count":7,"href":"https:\/\/mertdemirplastik.com.tr\/index.php?rest_route=\/wp\/v2\/pages\/2631\/revisions"}],"predecessor-version":[{"id":3444,"href":"https:\/\/mertdemirplastik.com.tr\/index.php?rest_route=\/wp\/v2\/pages\/2631\/revisions\/3444"}],"wp:attachment":[{"href":"https:\/\/mertdemirplastik.com.tr\/index.php?rest_route=%2Fwp%2Fv2%2Fmedia&parent=2631"}],"curies":[{"name":"wp","href":"https:\/\/api.w.org\/{rel}","templated":true}]}}