{"id":3422,"date":"2022-03-09T11:55:05","date_gmt":"2022-03-09T11:55:05","guid":{"rendered":"https:\/\/mertdemirplastik.com.tr\/?page_id=3422"},"modified":"2025-03-25T07:01:34","modified_gmt":"2025-03-25T07:01:34","slug":"sertifikalarimiz","status":"publish","type":"page","link":"https:\/\/mertdemirplastik.com.tr\/?page_id=3422","title":{"rendered":"Belgelerimiz"},"content":{"rendered":"<p>[vc_row][vc_column width=&#8221;1\/3&#8243;][vc_single_image image=&#8221;3431&#8243; img_size=&#8221;large&#8221;][\/vc_column][vc_column width=&#8221;1\/3&#8243;][vc_single_image image=&#8221;3429&#8243; img_size=&#8221;large&#8221;][\/vc_column][vc_column width=&#8221;1\/3&#8243;][vc_single_image image=&#8221;3428&#8243; img_size=&#8221;large&#8221;][\/vc_column][\/vc_row][vc_row][vc_column width=&#8221;1\/3&#8243;][vc_single_image image=&#8221;3441&#8243; img_size=&#8221;large&#8221;][\/vc_column][vc_column width=&#8221;1\/3&#8243;][vc_single_image image=&#8221;3438&#8243; img_size=&#8221;large&#8221;][\/vc_column][vc_column width=&#8221;1\/3&#8243;][vc_single_image image=&#8221;3437&#8243; img_size=&#8221;large&#8221;][\/vc_column][\/vc_row][vc_row][vc_column][vc_single_image image=&#8221;3499&#8243; onclick=&#8221;link_image&#8221; title=&#8221;\u0130SG POL\u0130T\u0130KAMIZ&#8221;][\/vc_column][\/vc_row]<\/p>\n","protected":false},"excerpt":{"rendered":"<p>[vc_row][vc_column width=&#8221;1\/3&#8243;][vc_single_image image=&#8221;3431&#8243; img_size=&#8221;large&#8221;][\/vc_column][vc_column width=&#8221;1\/3&#8243;][vc_single_image image=&#8221;3429&#8243; img_size=&#8221;large&#8221;][\/vc_column][vc_column width=&#8221;1\/3&#8243;][vc_single_image image=&#8221;3428&#8243; img_size=&#8221;large&#8221;][\/vc_column][\/vc_row][vc_row][vc_column width=&#8221;1\/3&#8243;][vc_single_image image=&#8221;3441&#8243; img_size=&#8221;large&#8221;][\/vc_column][vc_column width=&#8221;1\/3&#8243;][vc_single_image image=&#8221;3438&#8243; img_size=&#8221;large&#8221;][\/vc_column][vc_column width=&#8221;1\/3&#8243;][vc_single_image image=&#8221;3437&#8243; img_size=&#8221;large&#8221;][\/vc_column][\/vc_row][vc_row][vc_column][vc_single_image image=&#8221;3499&#8243; onclick=&#8221;link_image&#8221; title=&#8221;\u0130SG POL\u0130T\u0130KAMIZ&#8221;][\/vc_column][\/vc_row]<\/p>\n","protected":false},"author":1,"featured_media":0,"parent":0,"menu_order":0,"comment_status":"closed","ping_status":"closed","template":"","meta":[],"_links":{"self":[{"href":"https:\/\/mertdemirplastik.com.tr\/index.php?rest_route=\/wp\/v2\/pages\/3422"}],"collection":[{"href":"https:\/\/mertdemirplastik.com.tr\/index.php?rest_route=\/wp\/v2\/pages"}],"about":[{"href":"https:\/\/mertdemirplastik.com.tr\/index.php?rest_route=\/wp\/v2\/types\/page"}],"author":[{"embeddable":true,"href":"https:\/\/mertdemirplastik.com.tr\/index.php?rest_route=\/wp\/v2\/users\/1"}],"replies":[{"embeddable":true,"href":"https:\/\/mertdemirplastik.com.tr\/index.php?rest_route=%2Fwp%2Fv2%2Fcomments&post=3422"}],"version-history":[{"count":12,"href":"https:\/\/mertdemirplastik.com.tr\/index.php?rest_route=\/wp\/v2\/pages\/3422\/revisions"}],"predecessor-version":[{"id":3503,"href":"https:\/\/mertdemirplastik.com.tr\/index.php?rest_route=\/wp\/v2\/pages\/3422\/revisions\/3503"}],"wp:attachment":[{"href":"https:\/\/mertdemirplastik.com.tr\/index.php?rest_route=%2Fwp%2Fv2%2Fmedia&parent=3422"}],"curies":[{"name":"wp","href":"https:\/\/api.w.org\/{rel}","templated":true}]}}