{"id":3396,"date":"2022-03-09T09:47:28","date_gmt":"2022-03-09T09:47:28","guid":{"rendered":"https:\/\/mertdemirplastik.com.tr\/?post_type=product&#038;p=3396"},"modified":"2025-05-06T00:01:35","modified_gmt":"2025-05-06T00:01:35","slug":"pe-yagmurlama-ve-boru-ek-parcalari","status":"publish","type":"product","link":"https:\/\/mertdemirplastik.com.tr\/?product=pe-yagmurlama-ve-boru-ek-parcalari","title":{"rendered":"PE Ya\u011fmurlama ve Boru Ek Par\u00e7alar\u0131"},"content":{"rendered":"","protected":false},"excerpt":{"rendered":"<p>MERT DEM\u0130R PLAST\u0130K YA\u011eMURLAMA BORULARI PE 100 HAMMADDEDEN 5-6 METRE \u00dcRET\u0130LMEKTED\u0130R.<br \/>\nPE YA\u011eMURLAMA BORULARI;<br \/>\n1) KIRILMAZ EZ\u0130LMELERDEN ETK\u0130LENMEZ.<br \/>\n2) B\u00dcK\u00dcLMELERDE ESK\u0130 HAL\u0130NE D\u00d6NEB\u0130L\u0130R. ESNEKT\u0130R.<br \/>\n3) KAL\u0130TEL\u0130 CONTASI SAYES\u0130NDE KES\u0130N SIZDIRMAZLIK SA\u011eLANIR.<br \/>\n4) MANDALLI YAPISI \u0130LE KOLAYCA S\u00d6K\u00dcL\u00dcP TAKILAB\u0130L\u0130R.<br \/>\n5) HAF\u0130FT\u0130R. TA\u015eINMASI VE MONTAJI KOLAYDIR.<br \/>\n6) KAFALARDA \u00c7AP DARALMASI OLMADI\u011eINDAN BASIN\u00c7 KAYIPLARI OLDUK\u00c7A AZDIR. BU NEDENLE DAHA FAZLA SPR\u0130NG TAKILAB\u0130L\u0130R VE DAHA FAZLA ALAN SULANAB\u0130L\u0130R.<\/p>\n","protected":false},"featured_media":3368,"comment_status":"open","ping_status":"closed","template":"","meta":[],"product_cat":[76,74],"product_tag":[],"_links":{"self":[{"href":"https:\/\/mertdemirplastik.com.tr\/index.php?rest_route=\/wp\/v2\/product\/3396"}],"collection":[{"href":"https:\/\/mertdemirplastik.com.tr\/index.php?rest_route=\/wp\/v2\/product"}],"about":[{"href":"https:\/\/mertdemirplastik.com.tr\/index.php?rest_route=\/wp\/v2\/types\/product"}],"replies":[{"embeddable":true,"href":"https:\/\/mertdemirplastik.com.tr\/index.php?rest_route=%2Fwp%2Fv2%2Fcomments&post=3396"}],"wp:featuredmedia":[{"embeddable":true,"href":"https:\/\/mertdemirplastik.com.tr\/index.php?rest_route=\/wp\/v2\/media\/3368"}],"wp:attachment":[{"href":"https:\/\/mertdemirplastik.com.tr\/index.php?rest_route=%2Fwp%2Fv2%2Fmedia&parent=3396"}],"wp:term":[{"taxonomy":"product_cat","embeddable":true,"href":"https:\/\/mertdemirplastik.com.tr\/index.php?rest_route=%2Fwp%2Fv2%2Fproduct_cat&post=3396"},{"taxonomy":"product_tag","embeddable":true,"href":"https:\/\/mertdemirplastik.com.tr\/index.php?rest_route=%2Fwp%2Fv2%2Fproduct_tag&post=3396"}],"curies":[{"name":"wp","href":"https:\/\/api.w.org\/{rel}","templated":true}]}}