{"id":3397,"date":"2022-03-09T09:51:36","date_gmt":"2022-03-09T09:51:36","guid":{"rendered":"https:\/\/mertdemirplastik.com.tr\/?post_type=product&#038;p=3397"},"modified":"2026-01-15T08:27:42","modified_gmt":"2026-01-15T08:27:42","slug":"pprc-boru","status":"publish","type":"product","link":"https:\/\/mertdemirplastik.com.tr\/?product=pprc-boru","title":{"rendered":"PPRC Boru"},"content":{"rendered":"","protected":false},"excerpt":{"rendered":"<p>PPRC BORULARIN AVANTAJLARI;<br \/>\n1) K\u0130MYASAL DAYANIKLILI\u011eI G\u00d6Z \u00d6N\u00dcNDE BULUNDURULARAK AS\u0130T, BAZ VE TUZ G\u0130B\u0130 MADDELERDE KULLANILAB\u0130L\u0130R.<br \/>\n2) PASLANMAZ KOROZYONA DAYANIKLIDIR.<br \/>\n3) \u0130\u00c7 Y\u00dcZEY\u0130 P\u00dcR\u00dcZS\u00dcZD\u00dcR. ZAMANA BA\u011eLI KES\u0130T DARALMALARI YA\u015eANMAZ.<br \/>\n4) YOSUN TUTMAZ VE BAKTER\u0130 \u00dcREMES\u0130 OLMAZ.<br \/>\n5) HAF\u0130FT\u0130R, ESNEKT\u0130R VE KIRILMAZ.<br \/>\n6) D\u00d6\u015eENMES\u0130 KOLAYDIR.\u0130\u015e\u00c7\u0130L\u0130K VE ZAMANDAN TASARRUF SA\u011eLAR.<br \/>\n7) SIVA ALTI UYGULAMALARINDA \u00c7\u0130MENTO VE K\u0130RE\u00c7 MALZEMELERLE TEPK\u0130MEYE G\u0130RMEZ.<\/p>\n","protected":false},"featured_media":3313,"comment_status":"open","ping_status":"closed","template":"","meta":[],"product_cat":[68,71],"product_tag":[],"_links":{"self":[{"href":"https:\/\/mertdemirplastik.com.tr\/index.php?rest_route=\/wp\/v2\/product\/3397"}],"collection":[{"href":"https:\/\/mertdemirplastik.com.tr\/index.php?rest_route=\/wp\/v2\/product"}],"about":[{"href":"https:\/\/mertdemirplastik.com.tr\/index.php?rest_route=\/wp\/v2\/types\/product"}],"replies":[{"embeddable":true,"href":"https:\/\/mertdemirplastik.com.tr\/index.php?rest_route=%2Fwp%2Fv2%2Fcomments&post=3397"}],"wp:featuredmedia":[{"embeddable":true,"href":"https:\/\/mertdemirplastik.com.tr\/index.php?rest_route=\/wp\/v2\/media\/3313"}],"wp:attachment":[{"href":"https:\/\/mertdemirplastik.com.tr\/index.php?rest_route=%2Fwp%2Fv2%2Fmedia&parent=3397"}],"wp:term":[{"taxonomy":"product_cat","embeddable":true,"href":"https:\/\/mertdemirplastik.com.tr\/index.php?rest_route=%2Fwp%2Fv2%2Fproduct_cat&post=3397"},{"taxonomy":"product_tag","embeddable":true,"href":"https:\/\/mertdemirplastik.com.tr\/index.php?rest_route=%2Fwp%2Fv2%2Fproduct_tag&post=3397"}],"curies":[{"name":"wp","href":"https:\/\/api.w.org\/{rel}","templated":true}]}}