{"id":3399,"date":"2022-03-09T09:58:36","date_gmt":"2022-03-09T09:58:36","guid":{"rendered":"https:\/\/mertdemirplastik.com.tr\/?post_type=product&#038;p=3399"},"modified":"2025-09-01T11:04:35","modified_gmt":"2025-09-01T11:04:35","slug":"pvc-u-atik-su-borulari","status":"publish","type":"product","link":"https:\/\/mertdemirplastik.com.tr\/?product=pvc-u-atik-su-borulari","title":{"rendered":"PVC-U At\u0131k Su Borular\u0131"},"content":{"rendered":"","protected":false},"excerpt":{"rendered":"<p>PVC ATIK SU BORULARI EKSTR\u00dcZYON BU BORULARIN EK PAR\u00c7ALARI ENJEKS\u0130YON Y\u00d6NTEM\u0130YLE \u00dcRET\u0130LMEKTED\u0130R.<br \/>\nPVC ATIK SU BORULARIN AVANTAJLARI;<br \/>\n1) D\u00dc\u015e\u00dcK \u0130\u00c7 Y\u00dcZEY P\u00dcR\u00dcZL\u00dcL\u00dc\u011e\u00dc SEBEB\u0130YLE K\u0130RE\u00c7 VE TORTU TUTMAZ.<br \/>\n2) ATIK SU, YA\u011eMUR SUYU, Y\u00dcZEY SUYU VE ZEM\u0130N SUYU G\u0130B\u0130 \u00c7OK GEN\u0130\u015e B\u0130R PH ARALI\u011eINA DA\u011eILMI\u015e SU T\u0130PLER\u0130NE KAR\u015eI D\u0130REN\u00c7L\u0130D\u0130R.KOROZYONA U\u011eRAMAZ.<br \/>\n3) HAF\u0130F, ESNEK, KIRILMAZ OLDU\u011eUNDAN; TA\u015eINMASI,DEPOLANMASI VE MONTAJI KOLAYDIR.<br \/>\n4) SIZDIRMAZ, SICAKLI\u011eA DAYANIKLI VE UZUN \u00d6M\u00dcRL\u00dcD\u00dcR.<br \/>\n5) H\u0130DROL\u0130K P\u00dcR\u00dcZL\u00dcL\u00dc\u011e\u00dc \u00c7OK D\u00dc\u015e\u00dcK OLDU\u011eUNDAN D\u00dc\u015e\u00dcK E\u011e\u0130MLERDE MAKS\u0130MUM AKI\u015eI SA\u011eLAR.<\/p>\n","protected":false},"featured_media":3452,"comment_status":"open","ping_status":"closed","template":"","meta":[],"product_cat":[68,72],"product_tag":[],"_links":{"self":[{"href":"https:\/\/mertdemirplastik.com.tr\/index.php?rest_route=\/wp\/v2\/product\/3399"}],"collection":[{"href":"https:\/\/mertdemirplastik.com.tr\/index.php?rest_route=\/wp\/v2\/product"}],"about":[{"href":"https:\/\/mertdemirplastik.com.tr\/index.php?rest_route=\/wp\/v2\/types\/product"}],"replies":[{"embeddable":true,"href":"https:\/\/mertdemirplastik.com.tr\/index.php?rest_route=%2Fwp%2Fv2%2Fcomments&post=3399"}],"wp:featuredmedia":[{"embeddable":true,"href":"https:\/\/mertdemirplastik.com.tr\/index.php?rest_route=\/wp\/v2\/media\/3452"}],"wp:attachment":[{"href":"https:\/\/mertdemirplastik.com.tr\/index.php?rest_route=%2Fwp%2Fv2%2Fmedia&parent=3399"}],"wp:term":[{"taxonomy":"product_cat","embeddable":true,"href":"https:\/\/mertdemirplastik.com.tr\/index.php?rest_route=%2Fwp%2Fv2%2Fproduct_cat&post=3399"},{"taxonomy":"product_tag","embeddable":true,"href":"https:\/\/mertdemirplastik.com.tr\/index.php?rest_route=%2Fwp%2Fv2%2Fproduct_tag&post=3399"}],"curies":[{"name":"wp","href":"https:\/\/api.w.org\/{rel}","templated":true}]}}