{"id":3400,"date":"2022-03-09T10:00:26","date_gmt":"2022-03-09T10:00:26","guid":{"rendered":"https:\/\/mertdemirplastik.com.tr\/?post_type=product&#038;p=3400"},"modified":"2026-05-11T11:12:55","modified_gmt":"2026-05-11T11:12:55","slug":"pvc-u-basincli-su-borulari","status":"publish","type":"product","link":"https:\/\/mertdemirplastik.com.tr\/?product=pvc-u-basincli-su-borulari","title":{"rendered":"PVC-U Bas\u0131n\u00e7l\u0131 Temiz Su Borular\u0131 ve Ek Par\u00e7alar\u0131"},"content":{"rendered":"","protected":false},"excerpt":{"rendered":"<p>PVC-U BASIN\u00c7LI SU\u00a0 BORULAR AVANTAJLARI;<br \/>\n1) KOROZYONA KAR\u015eI DAYANIKLIDIR.<br \/>\n2)SUYUN YAPISINI VE TADINI BOZMAZ, K\u0130MYASAL VE F\u0130Z\u0130KSEL \u00d6ZELL\u0130KLER\u0130N\u0130 DE\u011e\u0130\u015eT\u0130RMEZ.<br \/>\n3) SIHH\u0130 OLMAYAN KO\u015eULLARIN OLU\u015eMASINA \u0130MKAN VERMEZ. SA\u011eLIK BAKANLI\u011eI GIDA MADDELER\u0130 T\u00dcZ\u00dc\u011e\u00dcNE UYGUNDUR.<br \/>\n4) DARBELERE VE BASINCA DAYANIKLIDIR. BAKIM VE TAM\u0130RAT MASRAFI OLMAZ.<br \/>\n5) HAF\u0130FT\u0130R , TA\u015eIMA, DEPOLAMA VE MONTAJ KOLAYDIR.<\/p>\n","protected":false},"featured_media":3341,"comment_status":"open","ping_status":"closed","template":"","meta":[],"product_cat":[68,73],"product_tag":[],"_links":{"self":[{"href":"https:\/\/mertdemirplastik.com.tr\/index.php?rest_route=\/wp\/v2\/product\/3400"}],"collection":[{"href":"https:\/\/mertdemirplastik.com.tr\/index.php?rest_route=\/wp\/v2\/product"}],"about":[{"href":"https:\/\/mertdemirplastik.com.tr\/index.php?rest_route=\/wp\/v2\/types\/product"}],"replies":[{"embeddable":true,"href":"https:\/\/mertdemirplastik.com.tr\/index.php?rest_route=%2Fwp%2Fv2%2Fcomments&post=3400"}],"wp:featuredmedia":[{"embeddable":true,"href":"https:\/\/mertdemirplastik.com.tr\/index.php?rest_route=\/wp\/v2\/media\/3341"}],"wp:attachment":[{"href":"https:\/\/mertdemirplastik.com.tr\/index.php?rest_route=%2Fwp%2Fv2%2Fmedia&parent=3400"}],"wp:term":[{"taxonomy":"product_cat","embeddable":true,"href":"https:\/\/mertdemirplastik.com.tr\/index.php?rest_route=%2Fwp%2Fv2%2Fproduct_cat&post=3400"},{"taxonomy":"product_tag","embeddable":true,"href":"https:\/\/mertdemirplastik.com.tr\/index.php?rest_route=%2Fwp%2Fv2%2Fproduct_tag&post=3400"}],"curies":[{"name":"wp","href":"https:\/\/api.w.org\/{rel}","templated":true}]}}