{"id":3401,"date":"2022-03-09T10:01:41","date_gmt":"2022-03-09T10:01:41","guid":{"rendered":"https:\/\/mertdemirplastik.com.tr\/?post_type=product&#038;p=3401"},"modified":"2025-12-07T18:52:26","modified_gmt":"2025-12-07T18:52:26","slug":"koruge-boru","status":"publish","type":"product","link":"https:\/\/mertdemirplastik.com.tr\/?product=koruge-boru","title":{"rendered":"Koruge Boru"},"content":{"rendered":"","protected":false},"excerpt":{"rendered":"<p>PE KORiGE BORU AVANTAJLARI;<br \/>\n1) KOROZYONA U\u011eRAMAZ VE K\u0130MYASAL MADDELERDEN ETK\u0130LENMEZ.<br \/>\n2) SICAKLIK DE\u011e\u0130\u015e\u0130MLER\u0130NE KAR\u015eI DAYANIKLIDIR. DO\u011eA VE ATMOSFER \u015eARTLARINDAN ETK\u0130LENMEZ.<br \/>\n3) UZUN \u00d6M\u00dcRL\u00dc KANAL\u0130ZASYON S\u0130STEMLER\u0130 \u0130\u00c7\u0130N UYGUNDUR.<br \/>\n4) HAF\u0130FT\u0130R D\u00d6\u015eEME KOLAYLI\u011eI SA\u011eLAR VE DI\u015e DARBELERE KAR\u015eI DAYANIKLIDIR.<br \/>\n5) DI\u015e Y\u00dcZEY UV KATKILI S\u0130YAH RENKTE OLUP G\u00dcNE\u015e I\u015eINLARINDAN ETK\u0130LENMEZ.<br \/>\n6) KEND\u0130NDEN MUFLU OLDU\u011eUNDAN ZAMANDAN VE \u0130\u015e\u00c7\u0130L\u0130KTEN TASARRUF SA\u011eLAR VE SIZDIRMA R\u0130SK\u0130N\u0130 %50 AZALTIR.<br \/>\n7) \u0130\u00c7 Y\u00dcZEY P\u00dcR\u00dcZS\u00dcZL\u00dc\u011e\u00dc KATI PAR\u00c7ACIKLARIN BORU Y\u00dcZEY\u0130NE YAPI\u015eMASINI \u00d6NLER VE ZAMANLA OLU\u015eAB\u0130LECEK KES\u0130T DARALMALARININ \u00d6N\u00dcNE GE\u00c7ER.<br \/>\n8) \u0130\u00c7 Y\u00dcZEY A\u00c7IK RENKTE OLDU\u011eUNDAN \u015eEBEKE \u0130\u00c7\u0130N\u0130N KOLAYLIKLA KONTROL ED\u0130LMES\u0130NE OLANAK SA\u011eLANIR.<br \/>\n9) 0.5 BARA KADAR SIZDIRMAZLIK SA\u011eLANIR.<\/p>\n","protected":false},"featured_media":3355,"comment_status":"open","ping_status":"closed","template":"","meta":[],"product_cat":[68,69],"product_tag":[],"_links":{"self":[{"href":"https:\/\/mertdemirplastik.com.tr\/index.php?rest_route=\/wp\/v2\/product\/3401"}],"collection":[{"href":"https:\/\/mertdemirplastik.com.tr\/index.php?rest_route=\/wp\/v2\/product"}],"about":[{"href":"https:\/\/mertdemirplastik.com.tr\/index.php?rest_route=\/wp\/v2\/types\/product"}],"replies":[{"embeddable":true,"href":"https:\/\/mertdemirplastik.com.tr\/index.php?rest_route=%2Fwp%2Fv2%2Fcomments&post=3401"}],"wp:featuredmedia":[{"embeddable":true,"href":"https:\/\/mertdemirplastik.com.tr\/index.php?rest_route=\/wp\/v2\/media\/3355"}],"wp:attachment":[{"href":"https:\/\/mertdemirplastik.com.tr\/index.php?rest_route=%2Fwp%2Fv2%2Fmedia&parent=3401"}],"wp:term":[{"taxonomy":"product_cat","embeddable":true,"href":"https:\/\/mertdemirplastik.com.tr\/index.php?rest_route=%2Fwp%2Fv2%2Fproduct_cat&post=3401"},{"taxonomy":"product_tag","embeddable":true,"href":"https:\/\/mertdemirplastik.com.tr\/index.php?rest_route=%2Fwp%2Fv2%2Fproduct_tag&post=3401"}],"curies":[{"name":"wp","href":"https:\/\/api.w.org\/{rel}","templated":true}]}}