{"id":3402,"date":"2022-03-09T10:04:53","date_gmt":"2022-03-09T10:04:53","guid":{"rendered":"https:\/\/mertdemirplastik.com.tr\/?post_type=product&#038;p=3402"},"modified":"2025-05-06T00:00:58","modified_gmt":"2025-05-06T00:00:58","slug":"damla-sulama-hortumu","status":"publish","type":"product","link":"https:\/\/mertdemirplastik.com.tr\/?product=damla-sulama-hortumu","title":{"rendered":"PE Damla Sulama Hortumu"},"content":{"rendered":"","protected":false},"excerpt":{"rendered":"<p>DAMLA SULAMA HORTUMLARININ AVANTAJLARI;<br \/>\n1) KULLANIMI KOLAY VE G\u00dcVENL\u0130 OLUP MEVS\u0130ML\u0130K VE KALICI EK\u0130MLER \u0130\u00c7\u0130N \u0130DELAD\u0130R.<br \/>\n2) G\u00dcNE\u015e\u0130N UV I\u015eINLARINA DAYANIKLILIK SA\u011eLAYAN MALZEME KATKILIDIR.<br \/>\n3) UZUN MESAFEL\u0130, B\u00dcY\u00dcK ALAN UYGULAMALARINDA P\u00dcR\u00dcZS\u00dcZ \u0130\u00c7 Y\u00dcZEY\u0130YLE BASIN\u00c7 KAYBI ASGAR\u0130 D\u00dcZEYDED\u0130R.<br \/>\n4) S\u00dcREKL\u0130 TOPLAMA VE SERMEYE KAR\u015eI DAYANIKLIDIR.<br \/>\n5) TARIMDA KULLANILAN G\u00dcBRE VE \u0130LA\u00c7LARA KAR\u015eI DAYANIKLIDIR.<br \/>\n6) SU TASARRUFU SA\u011eLAR. \u00dcR\u00dcN VER\u0130M\u0130N\u0130 VE KAL\u0130TES\u0130N\u0130 ARTTIRIR.<\/p>\n","protected":false},"featured_media":3358,"comment_status":"open","ping_status":"closed","template":"","meta":[],"product_cat":[75,74],"product_tag":[],"_links":{"self":[{"href":"https:\/\/mertdemirplastik.com.tr\/index.php?rest_route=\/wp\/v2\/product\/3402"}],"collection":[{"href":"https:\/\/mertdemirplastik.com.tr\/index.php?rest_route=\/wp\/v2\/product"}],"about":[{"href":"https:\/\/mertdemirplastik.com.tr\/index.php?rest_route=\/wp\/v2\/types\/product"}],"replies":[{"embeddable":true,"href":"https:\/\/mertdemirplastik.com.tr\/index.php?rest_route=%2Fwp%2Fv2%2Fcomments&post=3402"}],"wp:featuredmedia":[{"embeddable":true,"href":"https:\/\/mertdemirplastik.com.tr\/index.php?rest_route=\/wp\/v2\/media\/3358"}],"wp:attachment":[{"href":"https:\/\/mertdemirplastik.com.tr\/index.php?rest_route=%2Fwp%2Fv2%2Fmedia&parent=3402"}],"wp:term":[{"taxonomy":"product_cat","embeddable":true,"href":"https:\/\/mertdemirplastik.com.tr\/index.php?rest_route=%2Fwp%2Fv2%2Fproduct_cat&post=3402"},{"taxonomy":"product_tag","embeddable":true,"href":"https:\/\/mertdemirplastik.com.tr\/index.php?rest_route=%2Fwp%2Fv2%2Fproduct_tag&post=3402"}],"curies":[{"name":"wp","href":"https:\/\/api.w.org\/{rel}","templated":true}]}}