{"id":3405,"date":"2022-03-09T10:36:18","date_gmt":"2022-03-09T10:36:18","guid":{"rendered":"https:\/\/mertdemirplastik.com.tr\/?post_type=product&#038;p=3405"},"modified":"2025-04-13T03:08:38","modified_gmt":"2025-04-13T03:08:38","slug":"hdpe-100-polietilen-borulari-2","status":"publish","type":"product","link":"https:\/\/mertdemirplastik.com.tr\/?product=hdpe-100-polietilen-borulari-2","title":{"rendered":"HDPE 100 Polietilen Borular\u0131"},"content":{"rendered":"","protected":false},"excerpt":{"rendered":"<p>HDPE 100 POL\u0130ET\u0130LEN BORULAR AVANTAJLARI;<br \/>\n1) K\u0130MYASAL MADDELERDEN ETK\u0130LENMEZ,KOROZYONA U\u011eRAMAZ,\u00c7\u00dcR\u00dcMEZ VE A\u015eINMAZ.<br \/>\n2) AKI\u015eKANA MOLEK\u00dcL GE\u00c7\u0130\u015e\u0130 OLMADI\u011eINDAN,SUYUN KOKUSUNU VE TADINI DE\u011e\u0130\u015eT\u0130RMEZ.<br \/>\n3) K\u0130R VE YOSUN TUTMAZ,BAKTER\u0130 \u00dcRETMEZ VE SA\u011eLIK BAKANLI\u011eI GIDA T\u00dcZ\u00dc\u011e\u00dcNE UYGUNDUR.<br \/>\n4) ESNEME KAB\u0130L\u0130YET\u0130 Y\u00dcKSEK OLDU\u011eUNDAN KANAL DI\u015eINDA B\u0130RLE\u015eT\u0130R\u0130LEB\u0130L\u0130R. YER HAREKETLER\u0130NDEN ETK\u0130LENMEZ VE DERE,NEH\u0130R,G\u00d6L,MADEN ALANLARINDA VB. BOZUK VE HAREKETL\u0130 ZEM\u0130NLERDE G\u00dcVENLE KULLANILAB\u0130L\u0130R.<br \/>\n5) D\u00d6\u015eEMEDE ARAZ\u0130 \u015eEKL\u0130NE \u0130Y\u0130 UYUM SA\u011eLAR. DAHA AZ DOLGU VE F\u0130RES\u0130Z MONTAJ AVANTAJI SA\u011eLAR.<br \/>\n6) ALIN KAYNA\u011eI VE ELEKROF\u00dcZYON KAYNA\u011eA UYGUNDUR.<br \/>\n7) G\u00dcNE\u015e I\u015eI\u011eINA KAR\u015eI Y\u00dcKSEK D\u0130REN\u00c7 G\u00d6STER\u0130R.<br \/>\n8) DARBELERE DAYANIKLIDIR.<br \/>\n9) KANGAL VE BOY OLARAK \u00dcRET\u0130LEB\u0130L\u0130R.<\/p>\n","protected":false},"featured_media":3381,"comment_status":"open","ping_status":"closed","template":"","meta":[],"product_cat":[68,77],"product_tag":[],"_links":{"self":[{"href":"https:\/\/mertdemirplastik.com.tr\/index.php?rest_route=\/wp\/v2\/product\/3405"}],"collection":[{"href":"https:\/\/mertdemirplastik.com.tr\/index.php?rest_route=\/wp\/v2\/product"}],"about":[{"href":"https:\/\/mertdemirplastik.com.tr\/index.php?rest_route=\/wp\/v2\/types\/product"}],"replies":[{"embeddable":true,"href":"https:\/\/mertdemirplastik.com.tr\/index.php?rest_route=%2Fwp%2Fv2%2Fcomments&post=3405"}],"wp:featuredmedia":[{"embeddable":true,"href":"https:\/\/mertdemirplastik.com.tr\/index.php?rest_route=\/wp\/v2\/media\/3381"}],"wp:attachment":[{"href":"https:\/\/mertdemirplastik.com.tr\/index.php?rest_route=%2Fwp%2Fv2%2Fmedia&parent=3405"}],"wp:term":[{"taxonomy":"product_cat","embeddable":true,"href":"https:\/\/mertdemirplastik.com.tr\/index.php?rest_route=%2Fwp%2Fv2%2Fproduct_cat&post=3405"},{"taxonomy":"product_tag","embeddable":true,"href":"https:\/\/mertdemirplastik.com.tr\/index.php?rest_route=%2Fwp%2Fv2%2Fproduct_tag&post=3405"}],"curies":[{"name":"wp","href":"https:\/\/api.w.org\/{rel}","templated":true}]}}